{"id":152,"date":"2026-02-10T10:49:37","date_gmt":"2026-02-10T09:49:37","guid":{"rendered":"https:\/\/orelac.fr\/?post_type=product&#038;p=152"},"modified":"2026-02-16T16:44:01","modified_gmt":"2026-02-16T15:44:01","slug":"calculateur-moteur-bosch-edc16c34-immo-off-pret-a-monter-0281012467-psa-9661766880-9656161680-1940-c6","status":"publish","type":"product","link":"https:\/\/orelac.fr\/index.php\/produit\/calculateur-moteur-bosch-edc16c34-immo-off-pret-a-monter-0281012467-psa-9661766880-9656161680-1940-c6\/","title":{"rendered":"Calculateur Moteur BOSCH EDC16C34 IMMO OFF PRET A MONTER 0281012467 PSA : 9661766880 \/ 9656161680 \/ 1940.C6"},"content":{"rendered":"<p>Ce calculateur est IMMO OFF donc pr\u00eat \u00e0 \u00eatre install\u00e9<\/p>\n<p>Vous pouvez choisir en option du EGR \/ FAP OFF \/ STAGE 1<\/p>\n<h3 data-path-to-node=\"6\">Description \/ Liste de compatibilit\u00e9<\/h3>\n<p data-path-to-node=\"7\"><b data-path-to-node=\"7\" data-index-in-node=\"0\">Pi\u00e8ce :<\/b> Calculateur Moteur (ECU \/ BSI Moteur) <b data-path-to-node=\"7\" data-index-in-node=\"46\">Marque :<\/b> BOSCH <b data-path-to-node=\"7\" data-index-in-node=\"61\">Mod\u00e8le :<\/b> EDC16C34 <b data-path-to-node=\"7\" data-index-in-node=\"79\">R\u00e9f\u00e9rence Bosch :<\/b> 0 281 012 467 (0281012467) <b data-path-to-node=\"7\" data-index-in-node=\"124\">R\u00e9f\u00e9rences PSA correspondantes :<\/b> 9661766880 \/ 9656161680 \/ 1940.C6<\/p>\n<p data-path-to-node=\"8\"><b data-path-to-node=\"8\" data-index-in-node=\"0\">Motorisation :<\/b> Se monte principalement sur les moteurs <b data-path-to-node=\"8\" data-index-in-node=\"55\">1.6 HDi 110ch (DV6TED4)<\/b> avec FAP (Filtre \u00e0 particules).<\/p>\n<p data-path-to-node=\"9\"><b data-path-to-node=\"9\" data-index-in-node=\"0\">V\u00e9hicules compatibles (Liste pour recherche) :<\/b><\/p>\n<p data-path-to-node=\"10\"><b data-path-to-node=\"10\" data-index-in-node=\"0\">Chez PEUGEOT :<\/b><\/p>\n<ul data-path-to-node=\"11\">\n<li>\n<p data-path-to-node=\"11,0,0\"><b data-path-to-node=\"11,0,0\" data-index-in-node=\"0\">Peugeot 206 CC<\/b> (1.6 HDi 110)<\/p>\n<\/li>\n<li>\n<p data-path-to-node=\"11,1,0\"><b data-path-to-node=\"11,1,0\" data-index-in-node=\"0\">Peugeot 207 \/ 207 SW<\/b> (1.6 HDi 110)<\/p>\n<\/li>\n<li>\n<p data-path-to-node=\"11,2,0\"><b data-path-to-node=\"11,2,0\" data-index-in-node=\"0\">Peugeot 307 \/ 307 SW \/ 307 CC<\/b> (Phase 2 &#8211; 1.6 HDi 110)<\/p>\n<\/li>\n<li>\n<p data-path-to-node=\"11,3,0\"><b data-path-to-node=\"11,3,0\" data-index-in-node=\"0\">Peugeot 308<\/b> (1.6 HDi 90\/110)<\/p>\n<\/li>\n<li>\n<p data-path-to-node=\"11,4,0\"><b data-path-to-node=\"11,4,0\" data-index-in-node=\"0\">Peugeot 407 \/ 407 SW<\/b> (1.6 HDi 110)<\/p>\n<\/li>\n<li>\n<p data-path-to-node=\"11,5,0\"><b data-path-to-node=\"11,5,0\" data-index-in-node=\"0\">Peugeot Partner (Tepee \/ Utilitaire)<\/b><\/p>\n<\/li>\n<\/ul>\n<p data-path-to-node=\"12\"><b data-path-to-node=\"12\" data-index-in-node=\"0\">Chez CITRO\u00cbN :<\/b><\/p>\n<ul data-path-to-node=\"13\">\n<li>\n<p data-path-to-node=\"13,0,0\"><b data-path-to-node=\"13,0,0\" data-index-in-node=\"0\">Citro\u00ebn C3<\/b> (1.6 HDi 110)<\/p>\n<\/li>\n<li>\n<p data-path-to-node=\"13,1,0\"><b data-path-to-node=\"13,1,0\" data-index-in-node=\"0\">Citro\u00ebn C4 (Coup\u00e9 \/ Berline)<\/b> (1.6 HDi 110)<\/p>\n<\/li>\n<li>\n<p data-path-to-node=\"13,2,0\"><b data-path-to-node=\"13,2,0\" data-index-in-node=\"0\">Citro\u00ebn C4 Picasso \/ Grand Picasso<\/b> (1.6 HDi 110)<\/p>\n<\/li>\n<li>\n<p data-path-to-node=\"13,3,0\"><b data-path-to-node=\"13,3,0\" data-index-in-node=\"0\">Citro\u00ebn C5<\/b> (Phase 2 &#8211; 1.6 HDi 110)<\/p>\n<\/li>\n<li>\n<p data-path-to-node=\"13,4,0\"><b data-path-to-node=\"13,4,0\" data-index-in-node=\"0\">Citro\u00ebn Xsara Picasso<\/b> (1.6 HDi 110)<\/p>\n<\/li>\n<li>\n<p data-path-to-node=\"13,5,0\"><b data-path-to-node=\"13,5,0\" data-index-in-node=\"0\">Citro\u00ebn Berlingo<\/b><\/p>\n<\/li>\n<\/ul>\n","protected":false},"excerpt":{"rendered":"<p>Ce calculateur est IMMO OFF donc pr\u00eat \u00e0 \u00eatre install\u00e9 Vous pouvez choisir en option du EGR \/ FAP OFF [&hellip;]<\/p>\n","protected":false},"featured_media":158,"comment_status":"open","ping_status":"closed","template":"","meta":{"site-sidebar-layout":"default","site-content-layout":"","ast-site-content-layout":"default","site-content-style":"default","site-sidebar-style":"default","ast-global-header-display":"","ast-banner-title-visibility":"","ast-main-header-display":"","ast-hfb-above-header-display":"","ast-hfb-below-header-display":"","ast-hfb-mobile-header-display":"","site-post-title":"","ast-breadcrumbs-content":"","ast-featured-img":"","footer-sml-layout":"","ast-disable-related-posts":"","theme-transparent-header-meta":"default","adv-header-id-meta":"","stick-header-meta":"","header-above-stick-meta":"","header-main-stick-meta":"","header-below-stick-meta":"","astra-migrate-meta-layouts":"set","ast-page-background-enabled":"default","ast-page-background-meta":{"desktop":{"background-color":"var(--ast-global-color-5)","background-image":"","background-repeat":"repeat","background-position":"center center","background-size":"auto","background-attachment":"scroll","background-type":"","background-media":"","overlay-type":"","overlay-color":"","overlay-opacity":"","overlay-gradient":""},"tablet":{"background-color":"","background-image":"","background-repeat":"repeat","background-position":"center center","background-size":"auto","background-attachment":"scroll","background-type":"","background-media":"","overlay-type":"","overlay-color":"","overlay-opacity":"","overlay-gradient":""},"mobile":{"background-color":"","background-image":"","background-repeat":"repeat","background-position":"center center","background-size":"auto","background-attachment":"scroll","background-type":"","background-media":"","overlay-type":"","overlay-color":"","overlay-opacity":"","overlay-gradient":""}},"ast-content-background-meta":{"desktop":{"background-color":"var(--ast-global-color-4)","background-image":"","background-repeat":"repeat","background-position":"center center","background-size":"auto","background-attachment":"scroll","background-type":"","background-media":"","overlay-type":"","overlay-color":"","overlay-opacity":"","overlay-gradient":""},"tablet":{"background-color":"var(--ast-global-color-4)","background-image":"","background-repeat":"repeat","background-position":"center center","background-size":"auto","background-attachment":"scroll","background-type":"","background-media":"","overlay-type":"","overlay-color":"","overlay-opacity":"","overlay-gradient":""},"mobile":{"background-color":"var(--ast-global-color-4)","background-image":"","background-repeat":"repeat","background-position":"center center","background-size":"auto","background-attachment":"scroll","background-type":"","background-media":"","overlay-type":"","overlay-color":"","overlay-opacity":"","overlay-gradient":""}}},"product_brand":[],"product_cat":[22],"product_tag":[],"class_list":{"0":"post-152","1":"product","2":"type-product","3":"status-publish","4":"has-post-thumbnail","6":"product_cat-calculateurs","7":"desktop-align-left","8":"tablet-align-left","9":"mobile-align-left","11":"first","12":"instock","13":"shipping-taxable","14":"purchasable","15":"product-type-variable"},"_links":{"self":[{"href":"https:\/\/orelac.fr\/index.php\/wp-json\/wp\/v2\/product\/152","targetHints":{"allow":["GET"]}}],"collection":[{"href":"https:\/\/orelac.fr\/index.php\/wp-json\/wp\/v2\/product"}],"about":[{"href":"https:\/\/orelac.fr\/index.php\/wp-json\/wp\/v2\/types\/product"}],"replies":[{"embeddable":true,"href":"https:\/\/orelac.fr\/index.php\/wp-json\/wp\/v2\/comments?post=152"}],"wp:featuredmedia":[{"embeddable":true,"href":"https:\/\/orelac.fr\/index.php\/wp-json\/wp\/v2\/media\/158"}],"wp:attachment":[{"href":"https:\/\/orelac.fr\/index.php\/wp-json\/wp\/v2\/media?parent=152"}],"wp:term":[{"taxonomy":"product_brand","embeddable":true,"href":"https:\/\/orelac.fr\/index.php\/wp-json\/wp\/v2\/product_brand?post=152"},{"taxonomy":"product_cat","embeddable":true,"href":"https:\/\/orelac.fr\/index.php\/wp-json\/wp\/v2\/product_cat?post=152"},{"taxonomy":"product_tag","embeddable":true,"href":"https:\/\/orelac.fr\/index.php\/wp-json\/wp\/v2\/product_tag?post=152"}],"curies":[{"name":"wp","href":"https:\/\/api.w.org\/{rel}","templated":true}]}}