{"id":93,"date":"2026-01-31T18:44:41","date_gmt":"2026-01-31T17:44:41","guid":{"rendered":"https:\/\/orelac.fr\/?page_id=93"},"modified":"2026-01-31T18:58:21","modified_gmt":"2026-01-31T17:58:21","slug":"nos-offres","status":"publish","type":"page","link":"https:\/\/orelac.fr\/index.php\/nos-offres\/","title":{"rendered":"Nos Offres"},"content":{"rendered":"\n<style>\n    .pricing-container {\n        font-family: 'Segoe UI', Tahoma, Geneva, Verdana, sans-serif;\n        max-width: 1100px;\n        margin: 40px auto;\n        padding: 20px;\n        text-align: center;\n        color: #334155;\n    }\n    .pricing-header h2 { color: #1e293b; font-size: 2.2em; margin-bottom: 10px; }\n    .pricing-header p { color: #64748b; margin-bottom: 50px; font-size: 1.1em; }\n\n    .pricing-grid {\n        display: grid;\n        grid-template-columns: repeat(auto-fit, minmax(300px, 1fr));\n        gap: 25px;\n        align-items: stretch;\n    }\n\n    .plan-card {\n        background: white;\n        border-radius: 12px;\n        padding: 40px 30px;\n        border: 1px solid #e2e8f0;\n        transition: transform 0.3s, box-shadow 0.3s;\n        position: relative;\n        display: flex;\n        flex-direction: column;\n    }\n    .plan-card:hover {\n        transform: translateY(-5px);\n        box-shadow: 0 20px 25px -5px rgba(0, 0, 0, 0.1);\n        border-color: #cbd5e1;\n    }\n    \n    \/* Style Sp\u00e9cial Carte du Milieu (Populaire) *\/\n    .plan-highlight {\n        border: 2px solid #2563eb;\n        background: #f8fafc;\n        transform: scale(1.02);\n        z-index: 10;\n        box-shadow: 0 10px 15px -3px rgba(0, 0, 0, 0.1);\n    }\n    .badge {\n        position: absolute;\n        top: -15px;\n        left: 50%;\n        transform: translateX(-50%);\n        background: #2563eb;\n        color: white;\n        padding: 5px 15px;\n        border-radius: 20px;\n        font-size: 0.85em;\n        font-weight: bold;\n        text-transform: uppercase;\n        white-space: nowrap;\n    }\n    .badge-vip { background: #0f172a; }\n\n    .plan-title { font-size: 1.6em; color: #1e293b; margin: 10px 0; font-weight: 700; }\n    .plan-price { font-size: 3em; color: #1e293b; font-weight: 800; margin: 20px 0; }\n    .plan-price span { font-size: 0.4em; color: #94a3b8; font-weight: normal; vertical-align: middle; }\n    .plan-desc { color: #64748b; font-size: 0.95em; margin-bottom: 20px; min-height: 40px;}\n\n    .plan-features { list-style: none; padding: 0; margin-bottom: 30px; text-align: left; flex-grow: 1; }\n    .plan-features li {\n        padding: 12px 0;\n        border-bottom: 1px solid #f1f5f9;\n        color: #475569;\n        display: flex;\n        align-items: center;\n    }\n    .plan-features li::before {\n        content: \"\u2714\";\n        color: #10b981;\n        font-weight: bold;\n        margin-right: 12px;\n        font-size: 1.1em;\n    }\n    .unavailable { color: #cbd5e1 !important; text-decoration: line-through; opacity: 0.7; }\n    .unavailable::before { content: \"\u2715\"; color: #cbd5e1; }\n\n    .plan-btn {\n        display: block;\n        width: 100%;\n        padding: 18px;\n        border-radius: 8px;\n        text-decoration: none;\n        font-weight: bold;\n        text-align: center;\n        transition: all 0.2s;\n        margin-top: auto;\n    }\n    .btn-basic { background: #f1f5f9; color: #334155; }\n    .btn-basic:hover { background: #e2e8f0; color: #0f172a; }\n    \n    .btn-primary { background: #2563eb; color: white; box-shadow: 0 4px 6px -1px rgba(37, 99, 235, 0.3); }\n    .btn-primary:hover { background: #1d4ed8; transform: translateY(-2px); }\n    \n    .btn-dark { background: #0f172a; color: white; box-shadow: 0 4px 6px -1px rgba(15, 23, 42, 0.3); }\n    .btn-dark:hover { background: #334155; transform: translateY(-2px); }\n\n    \/* Responsive mobile *\/\n    @media (max-width: 768px) {\n        .plan-highlight { transform: none; margin: 20px 0; }\n    }\n<\/style>\n\n<div class=\"pricing-container\">\n    <div class=\"pricing-header\">\n        <h2>Tarifs &#038; Solutions Pro<\/h2>\n        <p>Du d\u00e9pannage ponctuel \u00e0 l&#8217;externalisation technique compl\u00e8te.<\/p>\n    <\/div>\n\n    <div class=\"pricing-grid\">\n        \n        <div class=\"plan-card\">\n            <h3 class=\"plan-title\">\u00c0 la Carte<\/h3>\n            <div class=\"plan-desc\">Pour les particuliers ou besoins ponctuels.<\/div>\n            <div class=\"plan-price\">90\u20ac<span>\/acte<\/span><\/div>\n            \n            <ul class=\"plan-features\">\n                <li>Diagnostic &#038; Lecture d\u00e9fauts<\/li>\n                <li>Rapport d&#8217;intervention PDF<\/li>\n                <li>Paiement imm\u00e9diat s\u00e9curis\u00e9<\/li>\n                <li>Facture \u00e0 l&#8217;acte<\/li>\n                <li class=\"unavailable\">Priorit\u00e9 File d&#8217;attente<\/li>\n                <li class=\"unavailable\">Remise Revendeur<\/li>\n            <\/ul>\n            <a href=\"https:\/\/orelac.fr\/index.php\/produit\/forfait-diagnostic\/\" class=\"plan-btn btn-basic\">Commander une intervention<\/a>\n        <\/div>\n\n        <div class=\"plan-card plan-highlight\">\n            <div class=\"badge\">Choix des Pros<\/div>\n            <h3 class=\"plan-title\">Pack Cr\u00e9dits<\/h3>\n            <div class=\"plan-desc\">Gagnez du temps et de l&#8217;argent. Pas de facture \u00e0 chaque acte.<\/div>\n            <div class=\"plan-price\">Flex<span>ible<\/span><\/div>\n            \n            <ul class=\"plan-features\">\n                <li><strong>Bonus Offert<\/strong> (ex: Achetez 500\u20ac, Cr\u00e9ditez 600\u20ac)<\/li>\n                <li>D\u00e9bit simplifi\u00e9 \u00e0 l&#8217;intervention<\/li>\n                <li>Valable sur tout le catalogue (Reprog, Diag&#8230;)<\/li>\n                <li>Support technique WhatsApp inclus<\/li>\n                <li>Validit\u00e9 des cr\u00e9dits illimit\u00e9e<\/li>\n            <\/ul>\n            <a href=\"https:\/\/orelac.fr\/index.php\/espace-pro\/\" class=\"plan-btn btn-primary\">Ouvrir un Compte Pro<\/a>\n        <\/div>\n\n        <div class=\"plan-card\">\n            <div class=\"badge badge-vip\">Partenaire VIP<\/div>\n            <h3 class=\"plan-title\">Atelier Partenaire<\/h3>\n            <div class=\"plan-desc\">Votre r\u00e9f\u00e9rent technique externalis\u00e9 pour un co\u00fbt fixe.<\/div>\n            <div class=\"plan-price\">290\u20ac<span>\/mois<\/span><\/div>\n            \n            <ul class=\"plan-features\">\n                <li><strong>4h d&#8217;intervention \/mois incluses<\/strong><\/li>\n                <li><strong>Priorit\u00e9 Absolue<\/strong> (Ligne directe)<\/li>\n                <li>Tarifs remis\u00e9s sur le hors-forfait (-30%)<\/li>\n                <li>Conseil &#038; Assistance illimit\u00e9s<\/li>\n                <li>Acc\u00e8s aux fichiers E85\/Stage 1 Prix co\u00fbtant<\/li>\n            <\/ul>\n            <a href=\"https:\/\/orelac.fr\/index.php\/espace-pro\/\" class=\"plan-btn btn-dark\">Devenir Partenaire VIP<\/a>\n        <\/div>\n\n    <\/div>\n<\/div>\n","protected":false},"excerpt":{"rendered":"<p>Tarifs &#038; Solutions Pro Du d\u00e9pannage ponctuel \u00e0 l&#8217;externalisation technique compl\u00e8te. \u00c0 la Carte Pour les particuliers ou besoins ponctuels. [&hellip;]<\/p>\n","protected":false},"author":1,"featured_media":0,"parent":0,"menu_order":0,"comment_status":"closed","ping_status":"closed","template":"","meta":{"site-sidebar-layout":"default","site-content-layout":"","ast-site-content-layout":"default","site-content-style":"default","site-sidebar-style":"default","ast-global-header-display":"","ast-banner-title-visibility":"","ast-main-header-display":"","ast-hfb-above-header-display":"","ast-hfb-below-header-display":"","ast-hfb-mobile-header-display":"","site-post-title":"","ast-breadcrumbs-content":"","ast-featured-img":"","footer-sml-layout":"","ast-disable-related-posts":"","theme-transparent-header-meta":"","adv-header-id-meta":"","stick-header-meta":"","header-above-stick-meta":"","header-main-stick-meta":"","header-below-stick-meta":"","astra-migrate-meta-layouts":"default","ast-page-background-enabled":"default","ast-page-background-meta":{"desktop":{"background-color":"var(--ast-global-color-5)","background-image":"","background-repeat":"repeat","background-position":"center center","background-size":"auto","background-attachment":"scroll","background-type":"","background-media":"","overlay-type":"","overlay-color":"","overlay-opacity":"","overlay-gradient":""},"tablet":{"background-color":"","background-image":"","background-repeat":"repeat","background-position":"center center","background-size":"auto","background-attachment":"scroll","background-type":"","background-media":"","overlay-type":"","overlay-color":"","overlay-opacity":"","overlay-gradient":""},"mobile":{"background-color":"","background-image":"","background-repeat":"repeat","background-position":"center center","background-size":"auto","background-attachment":"scroll","background-type":"","background-media":"","overlay-type":"","overlay-color":"","overlay-opacity":"","overlay-gradient":""}},"ast-content-background-meta":{"desktop":{"background-color":"var(--ast-global-color-4)","background-image":"","background-repeat":"repeat","background-position":"center center","background-size":"auto","background-attachment":"scroll","background-type":"","background-media":"","overlay-type":"","overlay-color":"","overlay-opacity":"","overlay-gradient":""},"tablet":{"background-color":"var(--ast-global-color-4)","background-image":"","background-repeat":"repeat","background-position":"center center","background-size":"auto","background-attachment":"scroll","background-type":"","background-media":"","overlay-type":"","overlay-color":"","overlay-opacity":"","overlay-gradient":""},"mobile":{"background-color":"var(--ast-global-color-4)","background-image":"","background-repeat":"repeat","background-position":"center center","background-size":"auto","background-attachment":"scroll","background-type":"","background-media":"","overlay-type":"","overlay-color":"","overlay-opacity":"","overlay-gradient":""}},"footnotes":""},"class_list":["post-93","page","type-page","status-publish","hentry"],"_links":{"self":[{"href":"https:\/\/orelac.fr\/index.php\/wp-json\/wp\/v2\/pages\/93","targetHints":{"allow":["GET"]}}],"collection":[{"href":"https:\/\/orelac.fr\/index.php\/wp-json\/wp\/v2\/pages"}],"about":[{"href":"https:\/\/orelac.fr\/index.php\/wp-json\/wp\/v2\/types\/page"}],"author":[{"embeddable":true,"href":"https:\/\/orelac.fr\/index.php\/wp-json\/wp\/v2\/users\/1"}],"replies":[{"embeddable":true,"href":"https:\/\/orelac.fr\/index.php\/wp-json\/wp\/v2\/comments?post=93"}],"version-history":[{"count":4,"href":"https:\/\/orelac.fr\/index.php\/wp-json\/wp\/v2\/pages\/93\/revisions"}],"predecessor-version":[{"id":103,"href":"https:\/\/orelac.fr\/index.php\/wp-json\/wp\/v2\/pages\/93\/revisions\/103"}],"wp:attachment":[{"href":"https:\/\/orelac.fr\/index.php\/wp-json\/wp\/v2\/media?parent=93"}],"curies":[{"name":"wp","href":"https:\/\/api.w.org\/{rel}","templated":true}]}}